{"id":1940,"date":"2024-11-12T10:31:32","date_gmt":"2024-11-12T14:31:32","guid":{"rendered":"https:\/\/laserwest.fr\/wptest\/?page_id=1940"},"modified":"2024-11-12T10:43:06","modified_gmt":"2024-11-12T14:43:06","slug":"contact-localisation","status":"publish","type":"page","link":"https:\/\/laserwest.fr\/wptest\/contact-localisation\/","title":{"rendered":"CONTACT &#038; LOCALISATION"},"content":{"rendered":"\n<div class=\"wp-block-group is-layout-constrained wp-block-group-is-layout-constrained\">\n<div class=\"wp-block-media-text alignwide is-stacked-on-mobile is-vertically-aligned-top\" style=\"grid-template-columns:56% auto\"><figure class=\"wp-block-media-text__media\"><img fetchpriority=\"high\" decoding=\"async\" width=\"946\" height=\"740\" src=\"https:\/\/laserwest.fr\/wptest\/wp-content\/uploads\/2024\/11\/wp.jpg\" alt=\"\" class=\"wp-image-1952 size-full\" srcset=\"https:\/\/laserwest.fr\/wptest\/wp-content\/uploads\/2024\/11\/wp.jpg 946w, https:\/\/laserwest.fr\/wptest\/wp-content\/uploads\/2024\/11\/wp-300x235.jpg 300w, https:\/\/laserwest.fr\/wptest\/wp-content\/uploads\/2024\/11\/wp-768x601.jpg 768w\" sizes=\"(max-width: 946px) 100vw, 946px\" \/><\/figure><div class=\"wp-block-media-text__content\">\n<h4 class=\"wp-block-heading\"><strong>NOUS CONTACTER <\/strong><\/h4>\n\n\n\n<p><strong>Vous avez une question, besoin d\u2019informations, ou souhaitez organiser un \u00e9v\u00e9nement ?<\/strong><br>Notre \u00e9quipe est l\u00e0 pour vous r\u00e9pondre ! Voici les diff\u00e9rentes fa\u00e7ons de nous joindre.<\/p>\n\n\n\n<h4 class=\"wp-block-heading\"><strong>Coordonn\u00e9es<\/strong><\/h4>\n\n\n\n<p>\ud83d\udcde <strong>T\u00e9l\u00e9phone<\/strong> : <a href=\"tel:+33596724231\">05 96 72 42 31<\/a><br>\ud83d\udce7 <strong>Email<\/strong> : <a href=\"mailto:martinique@westparadise.fr\">martinique@westparadise.fr<\/a><\/p>\n\n\n\n<h4 class=\"wp-block-heading\"><strong>Adresse<\/strong><\/h4>\n\n\n\n<p>\ud83d\udccd <strong>West Paradise<\/strong><br><a href=\"https:\/\/www.google.com\/maps\/place\/\/data=!4m2!3m1!1s0x8c6aa3498e09338f:0x9753797b41fef127?sa=X&amp;ved=1t:8290&amp;ictx=111\">315 D14, Le Lamentin 97232, Martinique<\/a><br><strong>Acc\u00e8s<\/strong> : Situ\u00e9 \u00e0 proximit\u00e9 du comptoir Des Pizza, accessible en transport en commun avec un grand parking gratuit.<\/p>\n\n\n\n<p><\/p>\n<\/div><\/div>\n\n\n\n<div class=\"wp-block-group is-layout-constrained wp-block-group-is-layout-constrained\"><\/div>\n<\/div>\n","protected":false},"excerpt":{"rendered":"<p>NOUS CONTACTER Vous avez une question, besoin d\u2019informations, ou souhaitez organiser un \u00e9v\u00e9nement ?Notre \u00e9quipe est l\u00e0 pour vous r\u00e9pondre ! Voici les diff\u00e9rentes fa\u00e7ons de nous joindre. Coordonn\u00e9es \ud83d\udcde&#8230;<\/p>\n","protected":false},"author":1,"featured_media":0,"parent":0,"menu_order":0,"comment_status":"closed","ping_status":"closed","template":"","meta":{"_EventAllDay":false,"_EventTimezone":"","_EventStartDate":"","_EventEndDate":"","_EventStartDateUTC":"","_EventEndDateUTC":"","_EventShowMap":false,"_EventShowMapLink":false,"_EventURL":"","_EventCost":"","_EventCostDescription":"","_EventCurrencySymbol":"","_EventCurrencyCode":"","_EventCurrencyPosition":"","_EventDateTimeSeparator":"","_EventTimeRangeSeparator":"","_EventOrganizerID":[],"_EventVenueID":[],"_OrganizerEmail":"","_OrganizerPhone":"","_OrganizerWebsite":"","_VenueAddress":"","_VenueCity":"","_VenueCountry":"","_VenueProvince":"","_VenueState":"","_VenueZip":"","_VenuePhone":"","_VenueURL":"","_VenueStateProvince":"","_VenueLat":"","_VenueLng":"","_VenueShowMap":false,"_VenueShowMapLink":false,"footnotes":""},"class_list":["post-1940","page","type-page","status-publish","hentry"],"aioseo_notices":[],"_links":{"self":[{"href":"https:\/\/laserwest.fr\/wptest\/wp-json\/wp\/v2\/pages\/1940","targetHints":{"allow":["GET"]}}],"collection":[{"href":"https:\/\/laserwest.fr\/wptest\/wp-json\/wp\/v2\/pages"}],"about":[{"href":"https:\/\/laserwest.fr\/wptest\/wp-json\/wp\/v2\/types\/page"}],"author":[{"embeddable":true,"href":"https:\/\/laserwest.fr\/wptest\/wp-json\/wp\/v2\/users\/1"}],"replies":[{"embeddable":true,"href":"https:\/\/laserwest.fr\/wptest\/wp-json\/wp\/v2\/comments?post=1940"}],"version-history":[{"count":9,"href":"https:\/\/laserwest.fr\/wptest\/wp-json\/wp\/v2\/pages\/1940\/revisions"}],"predecessor-version":[{"id":1954,"href":"https:\/\/laserwest.fr\/wptest\/wp-json\/wp\/v2\/pages\/1940\/revisions\/1954"}],"wp:attachment":[{"href":"https:\/\/laserwest.fr\/wptest\/wp-json\/wp\/v2\/media?parent=1940"}],"curies":[{"name":"wp","href":"https:\/\/api.w.org\/{rel}","templated":true}]}}