{"id":1934,"date":"2024-11-12T10:19:37","date_gmt":"2024-11-12T14:19:37","guid":{"rendered":"https:\/\/laserwest.fr\/wptest\/?page_id=1934"},"modified":"2024-11-12T10:20:21","modified_gmt":"2024-11-12T14:20:21","slug":"cartes-cadeaux","status":"publish","type":"page","link":"https:\/\/laserwest.fr\/wptest\/cartes-cadeaux\/","title":{"rendered":"CARTES CADEAUX"},"content":{"rendered":"\n<div class=\"wp-block-group is-layout-constrained wp-block-group-is-layout-constrained\">\n<div class=\"wp-block-media-text has-media-on-the-right is-stacked-on-mobile\" style=\"grid-template-columns:auto 42%\"><div class=\"wp-block-media-text__content\">\n<p style=\"font-family: 'Eveleth'; font-size: 2em;\">Id\u00e9es cadeaux<\/p>\n\n\n\n<figure class=\"wp-block-image\"><img decoding=\"async\" src=\"https:\/\/www.westparadise.fr\/wp-content\/uploads\/2021\/05\/separateur-sport.png\" alt=\"\" class=\"wp-image-470\" title=\"separateur-sport\"\/><\/figure>\n\n\n\n<p>Bient\u00f4t&nbsp; No\u00ebl, un anniversaire, un mariage, la f\u00eate des m\u00e8res\/p\u00e8res\u2026etc ? Ne cherchez plus quoi offrir ! West Paradise vous propose des bons cadeaux utilisables pour une partie de&nbsp; bowling, de Laser Game et m\u00eame pour la restauration. De quoi faire des heureux ou des heureuses !<\/p>\n\n\n\n<p>N\u2019attendez pas et achetez d\u00e8s maintenant vos cartes cadeaux !\u00a0<\/p>\n\n\n\n<div class=\"wp-block-buttons is-layout-flex wp-block-buttons-is-layout-flex\">\n<div class=\"wp-block-button\"><a class=\"wp-block-button__link wp-element-button\" href=\"https:\/\/laserwest.qweekle.com\/shop\/west-paradise\/ticketing?lang=fr\">ACHETER !<\/a><\/div>\n<\/div>\n<\/div><figure class=\"wp-block-media-text__media\"><img fetchpriority=\"high\" decoding=\"async\" width=\"522\" height=\"370\" src=\"https:\/\/laserwest.fr\/wptest\/wp-content\/uploads\/2024\/11\/carte-cadeau.png\" alt=\"\" class=\"wp-image-1935 size-full\" srcset=\"https:\/\/laserwest.fr\/wptest\/wp-content\/uploads\/2024\/11\/carte-cadeau.png 522w, https:\/\/laserwest.fr\/wptest\/wp-content\/uploads\/2024\/11\/carte-cadeau-300x213.png 300w\" sizes=\"(max-width: 522px) 100vw, 522px\" \/><\/figure><\/div>\n<\/div>\n","protected":false},"excerpt":{"rendered":"<p>Id\u00e9es cadeaux Bient\u00f4t&nbsp; No\u00ebl, un anniversaire, un mariage, la f\u00eate des m\u00e8res\/p\u00e8res\u2026etc ? Ne cherchez plus quoi offrir ! West Paradise vous propose des bons cadeaux utilisables pour une partie&#8230;<\/p>\n","protected":false},"author":1,"featured_media":0,"parent":0,"menu_order":0,"comment_status":"closed","ping_status":"closed","template":"","meta":{"_EventAllDay":false,"_EventTimezone":"","_EventStartDate":"","_EventEndDate":"","_EventStartDateUTC":"","_EventEndDateUTC":"","_EventShowMap":false,"_EventShowMapLink":false,"_EventURL":"","_EventCost":"","_EventCostDescription":"","_EventCurrencySymbol":"","_EventCurrencyCode":"","_EventCurrencyPosition":"","_EventDateTimeSeparator":"","_EventTimeRangeSeparator":"","_EventOrganizerID":[],"_EventVenueID":[],"_OrganizerEmail":"","_OrganizerPhone":"","_OrganizerWebsite":"","_VenueAddress":"","_VenueCity":"","_VenueCountry":"","_VenueProvince":"","_VenueState":"","_VenueZip":"","_VenuePhone":"","_VenueURL":"","_VenueStateProvince":"","_VenueLat":"","_VenueLng":"","_VenueShowMap":false,"_VenueShowMapLink":false,"footnotes":""},"class_list":["post-1934","page","type-page","status-publish","hentry"],"aioseo_notices":[],"_links":{"self":[{"href":"https:\/\/laserwest.fr\/wptest\/wp-json\/wp\/v2\/pages\/1934","targetHints":{"allow":["GET"]}}],"collection":[{"href":"https:\/\/laserwest.fr\/wptest\/wp-json\/wp\/v2\/pages"}],"about":[{"href":"https:\/\/laserwest.fr\/wptest\/wp-json\/wp\/v2\/types\/page"}],"author":[{"embeddable":true,"href":"https:\/\/laserwest.fr\/wptest\/wp-json\/wp\/v2\/users\/1"}],"replies":[{"embeddable":true,"href":"https:\/\/laserwest.fr\/wptest\/wp-json\/wp\/v2\/comments?post=1934"}],"version-history":[{"count":2,"href":"https:\/\/laserwest.fr\/wptest\/wp-json\/wp\/v2\/pages\/1934\/revisions"}],"predecessor-version":[{"id":1937,"href":"https:\/\/laserwest.fr\/wptest\/wp-json\/wp\/v2\/pages\/1934\/revisions\/1937"}],"wp:attachment":[{"href":"https:\/\/laserwest.fr\/wptest\/wp-json\/wp\/v2\/media?parent=1934"}],"curies":[{"name":"wp","href":"https:\/\/api.w.org\/{rel}","templated":true}]}}