{"id":1885,"date":"2024-11-08T16:44:12","date_gmt":"2024-11-08T20:44:12","guid":{"rendered":"https:\/\/laserwest.fr\/wptest\/?page_id=1885"},"modified":"2024-11-08T16:44:12","modified_gmt":"2024-11-08T20:44:12","slug":"rgpd","status":"publish","type":"page","link":"https:\/\/laserwest.fr\/wptest\/rgpd\/","title":{"rendered":"RGPD"},"content":{"rendered":"\n<h2 class=\"wp-block-heading\">Avertissement RGPD<\/h2>\n\n\n\n<p>La confidentialit\u00e9 West Paradise \u2013 Laser West<br>Les informations que contient la pr\u00e9sente d\u00e9claration de confidentialit\u00e9 concernent les pratiques en mati\u00e8re de confidentialit\u00e9 de Laser West, Immeuble WEST PARADISE \u2013 D14 \u2013 Route de Palmiste, 97232 LE LAMENTIN<\/p>\n\n\n\n<p>Nous respectons votre droit \u00e0 la confidentialit\u00e9 et nous sommes d\u00e9termin\u00e9s \u00e0 appliquer l\u2019ensemble de la l\u00e9gislation applicable \u00e0 la protection des donn\u00e9es. Nous prenons au s\u00e9rieux nos obligations l\u00e9gales qui en d\u00e9coulent, nous avons pris des mesures appropri\u00e9es pour sauvegarder et s\u00e9curiser les Donn\u00e9es \u00e0 caract\u00e8re personnel que vous nous fournissez et notre objectif est de faire preuve de transparence \u00e0 tout moment quant \u00e0 notre traitement de vos donn\u00e9es \u00e0 caract\u00e8re personnel (\u00ab Donn\u00e9es \u00e0 caract\u00e8re personnel \u00bb) au sens de l\u2019article 4 (1) du R\u00e8glement g\u00e9n\u00e9ral sur la protection des donn\u00e9es (\u00ab RGPD \u00bb).<br>La pr\u00e9sente d\u00e9claration de confidentialit\u00e9 \u00e9nonce vos droits en mati\u00e8re de Donn\u00e9es \u00e0 caract\u00e8re personnel vous concernant que nous d\u00e9tenons et la mani\u00e8re dont :<\/p>\n\n\n\n<p><strong>1. nous utilisons et prot\u00e9geons ces Donn\u00e9es \u00e0 caract\u00e8re personnel ;<\/strong><br><strong>2. vous pouvez nous donner des instructions afin de limiter l\u2019utilisation de vos Donn\u00e9es \u00e0 caract\u00e8re personnel ;<\/strong><br><strong>3. nous prot\u00e9geons votre confidentialit\u00e9, et la mani\u00e8re dont<\/strong><br><strong>4. nous pouvons divulguer vos Donn\u00e9es \u00e0 caract\u00e8re personnel \u00e0 des tiers.<\/strong><\/p>\n\n\n\n<h3 class=\"wp-block-heading\">1. Port\u00e9e de la pr\u00e9sente d\u00e9claration de confidentialit\u00e9<\/h3>\n\n\n\n<p>La pr\u00e9sente d\u00e9claration r\u00e9git la mani\u00e8re dont nous traitons vos Donn\u00e9es \u00e0 caract\u00e8re personnel eu \u00e9gard aux produits et services que nous fournissons. Veuillez noter que nous octroyons une licence sur nos produits et contenus \u00e0 d\u2019autres soci\u00e9t\u00e9s susceptibles de produire leurs propres sites Internet, \u00e9v\u00e9nements et contenus num\u00e9riques. Quand vous utilisez un service exploit\u00e9 par un tiers, l\u2019utilisation de vos Donn\u00e9es \u00e0 caract\u00e8re personnel sera soumise aux conditions et modalit\u00e9s d\u00e9crites dans la d\u00e9claration de confidentialit\u00e9 de ce tiers et non dans la n\u00f4tre. Si vous avez des questions, veuillez prendre contact avec nous \u00e0 l\u2019adresse suivante : contact@westparadise.fr.<\/p>\n\n\n\n<h3 class=\"wp-block-heading\">2. Collecte et utilisation des Donn\u00e9es \u00e0 caract\u00e8re personnel<\/h3>\n\n\n\n<p>Lorsque vous consultez notre site Internet, les seules Donn\u00e9es \u00e0 caract\u00e8re personnel que nous collectons sont votre adresse IP. \u00c0 part cette information, vos activit\u00e9s sur notre site Internet sont anonymes puisqu\u2019aucune Donn\u00e9e \u00e0 caract\u00e8re personnel n\u2019est collect\u00e9e, sauf si vous vous remplissez un formulaire ou vous enregistrez pour utiliser nos produits ou pour recevoir des renseignements tels que nos lettres d\u2019information, auquel cas nous vous demanderons votre nom, votre adresse \u00e9lectronique, votre num\u00e9ro de t\u00e9l\u00e9phone et l\u2019intitul\u00e9 de votre emploi. Nous recueillons \u00e9galement quelques informations techniques anonymes telles que les s\u00e9quences de clics. Ces donn\u00e9es sont utilis\u00e9es pour analyser votre utilisation du site Internet et peuvent servir \u00e0 envoyer des campagnes publicitaires cibl\u00e9es. Nous vous demanderons votre permission avant de vous envoyer du contenu publicitaire par voie directe. Nous agr\u00e9geons les informations non personnelles concernant l\u2019utilisation du pr\u00e9sent site Internet \u00e0 des fins statistiques, mais aucune de vos Donn\u00e9es \u00e0 caract\u00e8re personnel n\u2019est mise \u00e0 la disposition de tiers.<\/p>\n\n\n\n<h3 class=\"wp-block-heading\">3. Enregistrement et utilisation de vos Donn\u00e9es \u00e0 caract\u00e8re personnel<\/h3>\n\n\n\n<p>Quand vous vous enregistrez sur le site en suivant notre proc\u00e9dure d\u2019enregistrement pour que nous puissions vous envoyer des informations choisies, vos Donn\u00e9es \u00e0 caract\u00e8re personnel (nom, adresse \u00e9lectronique, num\u00e9ro de t\u00e9l\u00e9phone) sont collect\u00e9es et stock\u00e9es. Sauf si vous nous y avez autoris\u00e9s, elles ne seront divulgu\u00e9es \u00e0 aucun tiers \u00e0 moins et dans la mesure o\u00f9 la loi nous le permet ou nous y oblige ou lorsque nous avons identifi\u00e9 une utilisation abusive ou non conforme du site. Si vous nous autorisez \u00e0 utiliser vos Donn\u00e9es \u00e0 caract\u00e8re personnel, celles-ci seront trait\u00e9es dans le plus grand respect de votre vie priv\u00e9e. \u00c0 l\u2019exception des cas mentionn\u00e9s ci-dessus, nous traitons uniquement les Donn\u00e9es \u00e0 caract\u00e8re personnel fournies par la personne concern\u00e9e et nous n\u2019en obtenons aucune de sources accessibles au public.<\/p>\n\n\n\n<h3 class=\"wp-block-heading\">4. Fondement juridique du traitement des Donn\u00e9es \u00e0 caract\u00e8re personnel via notre site Internet.<\/h3>\n\n\n\n<p>Le fait que vous nous autorisez \u00e0 traiter les Donn\u00e9es \u00e0 caract\u00e8re personnel collect\u00e9es via l\u2019utilisation du site Internet (cf. point 6) constitue le fondement juridique de ce traitement. Vous pouvez annuler cette autorisation \u00e0 tout moment en utilisant le bouton \u00ab Unsubscribe \u00bb (D\u00e9sinscription) ou nous \u00e9crivant \u00e0 l\u2019adresse \u00e9lectronique suivante contact@westparadise.fr. ou \u00e0 l\u2019adresse postale figurant au bas de la pr\u00e9sente d\u00e9claration de confidentialit\u00e9.<\/p>\n\n\n\n<h3 class=\"wp-block-heading\">5. Cookies<\/h3>\n\n\n\n<p>Pour que notre site Internet fonctionne correctement, vous devrez vous assurer que votre navigateur Internet est r\u00e9gl\u00e9 de mani\u00e8re \u00e0 accepter les cookies. Un cookie est un petit fichier (ou un enregistrement dans un fichier) que le site Internet peut envoyer \u00e0 votre navigateur qui le stockera ensuite sur le disque dur de votre ordinateur. Les cookies nous permettent d\u2019analyser le trafic Internet et d\u2019identifier les zones les plus populaires de notre site Internet. Ils nous permettent aussi de rendre notre site plus accueillant pour les utilisateurs en nous permettant de sauvegarder toutes les informations d\u2019enregistrement ou les mots de passe, de sorte que vous n\u2019ayez pas \u00e0 les saisir \u00e0 nouveau \u00e0 chaque fois que vous vous rendez sur notre site. Le cookie restera sur votre ordinateur et sera utilis\u00e9 uniquement quand vous entrerez sur le site. Nonobstant ce qui pr\u00e9c\u00e8de, vous n\u2019\u00eates pas oblig\u00e9 d\u2019accepter les cookies et nous vous invitons \u00e0 lire la documentation accompagnant le logiciel de votre navigateur Internet concernant la mani\u00e8re dont vous pouvez r\u00e9gler votre navigateur pour \u00eatre notifi\u00e9 de la r\u00e9ception d\u2019un cookie et pour vous permettre de d\u00e9cider de l\u2019accepter ou de le refuser. Nos cookies ne nous transmettront aucune information vous concernant autre que celles relatives \u00e0 votre utilisation de notre site Internet.<\/p>\n\n\n\n<h3 class=\"wp-block-heading\">6. Technologie de tra\u00e7age utilis\u00e9e par nos courriels marketing<\/h3>\n\n\n\n<p>Pour personnaliser notre mani\u00e8re de communiquer avec vous, nous utilisons Google Analytics de pr\u00e9f\u00e9rence pour diff\u00e9rentes pages sur nos sites Internet et pour les informations que nous vous envoyons. Sur les pages concern\u00e9es, Google Analytics utilisera des cookies et un code JavaScript pour mesurer l\u2019utilisation et pour acc\u00e9der \u00e0 certaines informations. Google Analytics placera un cookie sur votre appareil pendant votre premi\u00e8re visite sur notre site Internet. Nous pouvons utiliser le cookie Google et les informations du code JavaScript pour nous permettre d\u2019analyser votre utilisation de notre site Internet et de vos communications pour que nous puissions comprendre vos int\u00e9r\u00eats et d\u00e9terminer comment nous pourrions am\u00e9liorer les communications que nous vous envoyons.<br>Bien que ce cookie ne contienne aucune Donn\u00e9e \u00e0 caract\u00e8re personnel vous concernant, si vous choisissez d\u2019enregistrer des informations personnalis\u00e9es, nous lierons vos Donn\u00e9es \u00e0 caract\u00e8re personnel \u00e0 celles de la navigation associ\u00e9es au cookie Eloqua plac\u00e9 sur votre appareil pour personnaliser votre exp\u00e9rience d\u2019utilisateur. Le cookie sera d\u00e9sactiv\u00e9 apr\u00e8s 30 jours, \u00e0 moins que vous ne le supprimiez des r\u00e9glages de votre navigateur auparavant.<br>Vous pouvez choisir de sortir du suivi Internet sp\u00e9cifique au pr\u00e9sent site en nous envoyant un courrier \u00e9lectronique \u00e0 contact@westparadise.fr.com<\/p>\n\n\n\n<h3 class=\"wp-block-heading\">7. Mises \u00e0 jour<\/h3>\n\n\n\n<p>En tant que destinataire du communiqu\u00e9 quotidien de Laser West, vous pouvez de temps \u00e0 autre recevoir des communications et informations suppl\u00e9mentaires sur d\u2019autres services que nous-m\u00eames ou nos filiales pourrons mettre \u00e0 votre disposition. Si vous pr\u00e9f\u00e9rez ne pas recevoir ces communications ou mises \u00e0 jour, veuillez nous \u00e9crire \u00e0 l\u2019adresse \u00e9lectronique contact@westparadise.fr avec le mot \u00ab Unsubscribe \u00bb (d\u00e9sinscription) en objet ou cliquer sur le bouton \u00ab Unsubscribe \u00bb au bas de la communication qui vous a \u00e9t\u00e9 envoy\u00e9e. Veuillez aussi fournir l\u2019intitul\u00e9 des adresses \u00e9lectroniques auxquelles aucune autre communication ne doit \u00eatre envoy\u00e9e.<\/p>\n\n\n\n<h3 class=\"wp-block-heading\">8. Mise \u00e0 jour des informations vous concernant<\/h3>\n\n\n\n<p>En cas de modification de l\u2019une des Donn\u00e9es \u00e0 caract\u00e8re personnel que vous nous avez fournies, par exemple si vous changez votre adresse \u00e9lectronique ou si vous souhaitez supprimer vos informations, veuillez nous le faire savoir en nous envoyant un courrier \u00e9lectronique \u00e0 l\u2019adresse suivante : contact@westparadise.fr<\/p>\n\n\n\n<h3 class=\"wp-block-heading\">9. Traitement que nous entreprenons<\/h3>\n\n\n\n<p>Laser West traite les Donn\u00e9es \u00e0 caract\u00e8re personnel dans d\u2019autres \u00c9tats membres de l\u2019UE. Vous trouverez ci dessous une description g\u00e9n\u00e9rale de la mani\u00e8re dont nous traitons les Donn\u00e9es \u00e0 caract\u00e8re personnel en tant que responsable du traitement des donn\u00e9es. Pour de plus amples informations sur la mani\u00e8re dont nous traitons vos Donn\u00e9es \u00e0 caract\u00e8re personnel, veuillez-vous reporter \u00e0 toute communication personnelle que vous avez re\u00e7ue outre la pr\u00e9sente d\u00e9claration de confidentialit\u00e9 ou veuillez nous \u00e9crire \u00e0 l\u2019adresse suivante contact@westparadise.fr<\/p>\n\n\n\n<h3 class=\"wp-block-heading\">10. Motifs et fins du traitement des Donn\u00e9es \u00e0 caract\u00e8re personnel<\/h3>\n\n\n\n<p>Nous traitons les Donn\u00e9es \u00e0 caract\u00e8re personnel pour nous permettre de promouvoir nos biens et services et pour tenir nos comptes et nos dossiers \u00e0 jour.<\/p>\n\n\n\n<h3 class=\"wp-block-heading\">11. Types\/cat\u00e9gories de Donn\u00e9es \u00e0 caract\u00e8re personnel trait\u00e9es<\/h3>\n\n\n\n<p>Nous traitons les Donn\u00e9es \u00e0 caract\u00e8re personnel pertinentes dans le cadre des raisons\/fins \u00e9nonc\u00e9es sous 10 ci-dessus. Il peut s\u2019agir de :<br>* d\u00e9tails personnels ;<br>* d\u00e9tails concernant les biens ou services fournis.<\/p>\n\n\n\n<h3 class=\"wp-block-heading\">12. Avec qui pouvons-nous partager les Donn\u00e9es \u00e0 caract\u00e8re personnel\u2009?<\/h3>\n\n\n\n<p>Lorsque cela est n\u00e9cessaire ou exig\u00e9, toujours en conformit\u00e9 avec la l\u00e9gislation applicable \u00e0 la protection des donn\u00e9es, nous sommes susceptibles de partager des Donn\u00e9es \u00e0 caract\u00e8re personnel avec :<br>* le gouvernement central ;<br>* les fournisseurs et les prestataires de services ;<\/p>\n\n\n\n<h3 class=\"wp-block-heading\">13. Transferts<\/h3>\n\n\n\n<p>Lorsque cela est n\u00e9cessaire, les Donn\u00e9es \u00e0 caract\u00e8re personnel peuvent \u00eatre transf\u00e9r\u00e9es dans des pays ou territoires du monde entier, en toute conformit\u00e9 avec la l\u00e9gislation applicable \u00e0 la protection des donn\u00e9es. Il s\u2019agit uniquement des cas o\u00f9 :<br>* la Commission europ\u00e9enne a d\u00e9cid\u00e9 qu\u2019un pays tiers assure un niveau de protection ad\u00e9quat\u2009;<br>* le pays tiers destinataire des Donn\u00e9es \u00e0 caract\u00e8re personnel nous a fourni des sauvegardes ad\u00e9quates sous forme de clauses de protection des donn\u00e9es standard approuv\u00e9es par les organes de r\u00e9gulation ;<br>* nous nous conformons \u00e0 un code de conduite approuv\u00e9 par une autorit\u00e9 de surveillance ;<br>* nous sommes titulaires d\u2019un certificat d\u00e9livr\u00e9 en vertu d\u2019un m\u00e9canisme agr\u00e9\u00e9 comme le pr\u00e9voit la l\u00e9gislation applicable \u00e0 la protection des donn\u00e9es ; ou<br>* nous avons accept\u00e9 des clauses contractuelles autoris\u00e9es par une autorit\u00e9 de surveillance comp\u00e9tente.<\/p>\n\n\n\n<h3 class=\"wp-block-heading\">14. Vos droits<\/h3>\n\n\n\n<p>Le RGPD donne aux personnes physiques un contr\u00f4le plus large sur la mani\u00e8re dont les organisations traitent les Donn\u00e9es \u00e0 caract\u00e8re personnel et accorde \u00e0 ces personnes un certain nombre de droits en tant que personnes eu \u00e9gard \u00e0 l\u2019utilisation des Donn\u00e9es \u00e0 caract\u00e8re personnel, y compris :<br>* le droit d\u2019\u00eatre inform\u00e9 ;<br>* le droit d\u2019acc\u00e8s ;<br>* le droit de rectification ;<br>* le droit d\u2019effacement ;<br>* le droit de limiter le traitement ;<br>* le droit \u00e0 la \u00ab portabilit\u00e9 des donn\u00e9es \u00bb ;<br>* le droit d\u2019opposition au traitement ;<br>* divers droits concernant le profilage et la prise de d\u00e9cision automatis\u00e9s.<br>En cas de question sur vos droits en vertu du RGPD, veuillez prendre contact avec nous \u00e0 l\u2019adresse contact@westparadise.fr<\/p>\n\n\n\n<h3 class=\"wp-block-heading\">15. Conservation des donn\u00e9es personnelles<\/h3>\n\n\n\n<p>Sauf si la l\u00e9gislation ou la r\u00e9glementation l\u2019exige, nous ne conserverons aucune des Donn\u00e9es \u00e0 caract\u00e8re personnel de nos clients pour une dur\u00e9e sup\u00e9rieure \u00e0 trois ans apr\u00e8s la derni\u00e8re communication avec la personne physique ou apr\u00e8s la fin du contrat avec son employeur.<\/p>\n\n\n\n<h3 class=\"wp-block-heading\">16. Acceptation et changements<\/h3>\n\n\n\n<p>En utilisant le pr\u00e9sent site Internet, vous acceptez la pr\u00e9sente d\u00e9claration de confidentialit\u00e9. Si vous n\u2019\u00eates pas d\u2019accord avec son contenu, veuillez ne pas utiliser le pr\u00e9sent site Internet. Si nous modifions notre d\u00e9claration de mani\u00e8re significative, nous afficherons le changement sur notre site Internet afin que vous puissiez prendre connaissance \u00e0 tout moment des Donn\u00e9es \u00e0 caract\u00e8re personnel que nous collectons et de la mani\u00e8re dont nous les utilisons. Le fait de continuer \u00e0 utiliser le pr\u00e9sent site Internet signifiera que vous acceptez ces changements.<\/p>\n\n\n\n<h3 class=\"wp-block-heading\">17. Responsable de la protection des donn\u00e9es<\/h3>\n\n\n\n<p>Si vous avez des questions ou des observations concernant le traitement des donn\u00e9es \u00e0 caract\u00e8re personnel, veuillez lui envoyer un courrier \u00e9lectronique \u00e0 cette adresse : contact@westparadise.fr<br>Si vous n\u2019\u00eates pas satisfait de la r\u00e9ponse re\u00e7ue de notre responsable de la protection des donn\u00e9es, vous avez le droit d\u2019adresser une r\u00e9clamation \u00e0 votre autorit\u00e9 de surveillance locale.<\/p>\n\n\n\n<h3 class=\"wp-block-heading\">18. Pour prendre contact avec nous<\/h3>\n\n\n\n<p>Vos remarques sur notre site Internet et notre d\u00e9claration de confidentialit\u00e9 sont les bienvenues. Si vous souhaitez nous communiquer vos demandes ou remarques, veuillez envoyer un courrier \u00e9lectronique \u00e0 l\u2019adresse suivante contact@westparadise.fr ou un courrier postal \u00e0 l\u2019adresse suivante : Laser West, Immeuble WEST PARADISE \u2013 D14 \u2013 Route de Palmiste, 97232 LE LAMENTIN<\/p>\n","protected":false},"excerpt":{"rendered":"<p>Avertissement RGPD La confidentialit\u00e9 West Paradise \u2013 Laser WestLes informations que contient la pr\u00e9sente d\u00e9claration de confidentialit\u00e9 concernent les pratiques en mati\u00e8re de confidentialit\u00e9 de Laser West, Immeuble WEST PARADISE&#8230;<\/p>\n","protected":false},"author":1,"featured_media":0,"parent":0,"menu_order":0,"comment_status":"closed","ping_status":"closed","template":"","meta":{"_EventAllDay":false,"_EventTimezone":"","_EventStartDate":"","_EventEndDate":"","_EventStartDateUTC":"","_EventEndDateUTC":"","_EventShowMap":false,"_EventShowMapLink":false,"_EventURL":"","_EventCost":"","_EventCostDescription":"","_EventCurrencySymbol":"","_EventCurrencyCode":"","_EventCurrencyPosition":"","_EventDateTimeSeparator":"","_EventTimeRangeSeparator":"","_EventOrganizerID":[],"_EventVenueID":[],"_OrganizerEmail":"","_OrganizerPhone":"","_OrganizerWebsite":"","_VenueAddress":"","_VenueCity":"","_VenueCountry":"","_VenueProvince":"","_VenueState":"","_VenueZip":"","_VenuePhone":"","_VenueURL":"","_VenueStateProvince":"","_VenueLat":"","_VenueLng":"","_VenueShowMap":false,"_VenueShowMapLink":false,"footnotes":""},"class_list":["post-1885","page","type-page","status-publish","hentry"],"aioseo_notices":[],"_links":{"self":[{"href":"https:\/\/laserwest.fr\/wptest\/wp-json\/wp\/v2\/pages\/1885","targetHints":{"allow":["GET"]}}],"collection":[{"href":"https:\/\/laserwest.fr\/wptest\/wp-json\/wp\/v2\/pages"}],"about":[{"href":"https:\/\/laserwest.fr\/wptest\/wp-json\/wp\/v2\/types\/page"}],"author":[{"embeddable":true,"href":"https:\/\/laserwest.fr\/wptest\/wp-json\/wp\/v2\/users\/1"}],"replies":[{"embeddable":true,"href":"https:\/\/laserwest.fr\/wptest\/wp-json\/wp\/v2\/comments?post=1885"}],"version-history":[{"count":1,"href":"https:\/\/laserwest.fr\/wptest\/wp-json\/wp\/v2\/pages\/1885\/revisions"}],"predecessor-version":[{"id":1886,"href":"https:\/\/laserwest.fr\/wptest\/wp-json\/wp\/v2\/pages\/1885\/revisions\/1886"}],"wp:attachment":[{"href":"https:\/\/laserwest.fr\/wptest\/wp-json\/wp\/v2\/media?parent=1885"}],"curies":[{"name":"wp","href":"https:\/\/api.w.org\/{rel}","templated":true}]}}