{"id":1471,"date":"2024-11-07T13:30:31","date_gmt":"2024-11-07T17:30:31","guid":{"rendered":"http:\/\/laserwest.fr\/wptest\/?page_id=1471"},"modified":"2025-01-24T17:51:43","modified_gmt":"2025-01-24T21:51:43","slug":"anniversaires","status":"publish","type":"page","link":"https:\/\/laserwest.fr\/wptest\/anniversaires\/","title":{"rendered":"ANNIVERSAIRES"},"content":{"rendered":"\n<p class=\"has-text-align-center has-primary-shade-one-color has-text-color has-link-color has-medium-font-size wp-elements-1ea6a73b11b17c96e2e67c680eb921f9\">D\u00e9couvrez nos services<\/p>\n\n\n\n<div class=\"wp-block-buttons is-content-justification-center is-layout-flex wp-container-core-buttons-is-layout-a89b3969 wp-block-buttons-is-layout-flex\">\n<div class=\"wp-block-button has-custom-font-size has-big-font-size\"><a class=\"wp-block-button__link has-primary-shade-one-color has-primary-background-color has-text-color has-background has-link-color wp-element-button\" href=\"https:\/\/laserwest.qweekle.com\/shop\/west-paradise\/anniversaires?lang=fr\" target=\"_blank\" rel=\"noreferrer noopener\"><strong>R\u00c9SERVER<\/strong><\/a><\/div>\n<\/div>\n\n\n\n<div class=\"wp-block-group is-style-saaslauncher-gradient-border is-layout-constrained wp-block-group-is-layout-constrained\">\n<div style=\"height:9px\" aria-hidden=\"true\" class=\"wp-block-spacer\"><\/div>\n\n\n\n<h4 class=\"wp-block-heading has-text-align-center has-secondary-color has-text-color has-link-color has-x-large-font-size wp-elements-8ecd07acdcd3500bad06712b6501a33e\"><strong>Un moment inoubliable<\/strong><\/h4>\n\n\n\n<p class=\"has-text-align-center has-secondary-color has-text-color has-link-color has-medium-font-size wp-elements-c83d8d144597cae20be60a1b4ea73f64\">Si vous voulez un max de fun pour votre anniversaire, West Paradise est le lieu id\u00e9al ! Venez souffler vos bougies autour d\u2019une partie de Bowling, de Laser game, ou les deux. Offrez des souvenirs inoubliables \u00e0 vos enfants en f\u00eatant leur anniversaire avec leurs amis.<\/p>\n\n\n\n<div class=\"wp-block-group is-layout-constrained wp-block-group-is-layout-constrained\">\n<div class=\"wp-block-group is-layout-constrained wp-block-group-is-layout-constrained\">\n<p class=\"has-text-align-center has-secondary-color has-text-color has-link-color has-medium-font-size wp-elements-fa2b3b8aee0c14799954a165ffb73354\">Appelez nous au <strong>05 96 72 42 31<\/strong><\/p>\n\n\n\n<figure class=\"wp-block-image aligncenter size-full is-resized\"><img fetchpriority=\"high\" decoding=\"async\" width=\"512\" height=\"512\" src=\"https:\/\/laserwest.fr\/wptest\/wp-content\/uploads\/2024\/11\/image-5.png\" alt=\"\" class=\"wp-image-1794\" style=\"width:89px;height:auto\" srcset=\"https:\/\/laserwest.fr\/wptest\/wp-content\/uploads\/2024\/11\/image-5.png 512w, https:\/\/laserwest.fr\/wptest\/wp-content\/uploads\/2024\/11\/image-5-300x300.png 300w, https:\/\/laserwest.fr\/wptest\/wp-content\/uploads\/2024\/11\/image-5-150x150.png 150w\" sizes=\"(max-width: 512px) 100vw, 512px\" \/><\/figure>\n<\/div>\n\n\n\n<div style=\"height:16px\" aria-hidden=\"true\" class=\"wp-block-spacer\"><\/div>\n<\/div>\n<\/div>\n\n\n\n<div style=\"height:24px\" aria-hidden=\"true\" class=\"wp-block-spacer\"><\/div>\n\n\n\n<div class=\"wp-block-columns is-layout-flex wp-container-core-columns-is-layout-28f84493 wp-block-columns-is-layout-flex\">\n<div class=\"wp-block-column is-layout-flow wp-block-column-is-layout-flow\">\n<div class=\"wp-block-group is-style-saaslauncher-gradient-border is-layout-constrained wp-block-group-is-layout-constrained\">\n<h2 class=\"wp-block-heading has-text-align-center has-secondary-color has-text-color has-link-color wp-elements-e2411c1734c0bbe8405f5417266b10f6\">LASER<\/h2>\n\n\n\n<div class=\"wp-block-buttons is-content-justification-center is-layout-flex wp-container-core-buttons-is-layout-72caf8c6 wp-block-buttons-is-layout-flex\">\n<div class=\"wp-block-button has-custom-width wp-block-button__width-50 has-custom-font-size\" style=\"font-size:clamp(14.082px, 0.88rem + ((1vw - 3.2px) * 0.422), 21px);\"><a class=\"wp-block-button__link has-primary-shade-one-color has-luminous-vivid-orange-background-color has-text-color has-background has-link-color wp-element-button\"><strong>24\u20ac* \/ ENFANT<\/strong><\/a><\/div>\n<\/div>\n\n\n\n<p class=\"has-text-align-center has-primary-shade-one-color has-luminous-vivid-orange-background-color has-text-color has-background has-link-color wp-elements-b46698cdf6dc25a82a6c2a0b344a93cf\"><strong>PROMO DU DIMANCHE<\/strong><br><strong>(22\u20ac* \/ PAR ENFANT)<\/strong><\/p>\n\n\n\n<p class=\"has-text-align-center has-secondary-color has-text-color has-link-color has-big-font-size wp-elements-c1cdfa4218fbb3435c50fdadd4c4bdf3\"><strong>LA FORMULE<\/strong><\/p>\n\n\n\n<ul class=\"wp-block-list\">\n<li class=\"has-secondary-color has-text-color has-link-color wp-elements-fb825329fa6cbb9e608cda0a3d76b2e2\">2 parties de LASER WEST de <strong>20 minutes<\/strong><\/li>\n\n\n\n<li class=\"has-secondary-color has-text-color has-link-color wp-elements-3f80a8bfa724af846299c3c3ccf996fa\">Une photo souvenir de l\u2019\u00e9v\u00e8nement<\/li>\n\n\n\n<li class=\"has-secondary-color has-text-color has-link-color wp-elements-d5ddcccf1a499c64b78a79dde7de15d3\">Le G\u00e2teau d\u2019anniversaire<\/li>\n\n\n\n<li class=\"has-secondary-color has-text-color has-link-color wp-elements-0704745c8afe94af81d16f48939d4096\">Timbales souvenirs WEST PARADISE<\/li>\n\n\n\n<li class=\"has-secondary-color has-text-color has-link-color wp-elements-2eb846f8d5866b95b26e58cd9bb49d17\">Eau fra\u00eeche et sirop \u00e0 volont\u00e9<\/li>\n<\/ul>\n\n\n\n<p class=\"has-text-align-center has-secondary-color has-text-color has-link-color has-medium-font-size wp-elements-f24609710ac8257d85b3ac923a993c5d\"><strong>Minimum 6 personnes, <br>\u00e0 partir de 6 ans.<\/strong><\/p>\n\n\n\n<p class=\"has-text-align-center has-secondary-color has-text-color has-link-color has-large-font-size wp-elements-82430affe87c00b1f785a43ec1be73b6\"><strong>Offre Laser illimit\u00e9 le Mercredi : 26\u20ac\/Enfants<\/strong><\/p>\n\n\n\n<p class=\"has-text-align-center has-secondary-color has-text-color has-link-color wp-elements-40d607573d8521bf4c92c6aaab00ba0e\">* Frais de 5\u20ac par r\u00e9servation<br><\/p>\n<\/div>\n<\/div>\n\n\n\n<div class=\"wp-block-column is-layout-flow wp-block-column-is-layout-flow\">\n<h2 class=\"wp-block-heading has-text-align-center\">BOWLING<\/h2>\n\n\n\n<div class=\"wp-block-buttons is-content-justification-center is-layout-flex wp-container-core-buttons-is-layout-a89b3969 wp-block-buttons-is-layout-flex\">\n<div class=\"wp-block-button has-custom-width wp-block-button__width-50 has-custom-font-size\" style=\"font-size:clamp(14.082px, 0.88rem + ((1vw - 3.2px) * 0.422), 21px);\"><a class=\"wp-block-button__link has-primary-shade-one-color has-luminous-vivid-orange-background-color has-text-color has-background has-link-color wp-element-button\"><strong>24\u20ac* \/ ENFANT<\/strong><\/a><\/div>\n<\/div>\n\n\n\n<div class=\"wp-block-group has-luminous-vivid-orange-background-color has-background is-layout-constrained wp-block-group-is-layout-constrained\">\n<p class=\"has-text-align-center has-primary-shade-one-color has-text-color has-link-color has-big-font-size wp-elements-3f4db5f82a6284e0ee31ec5a7d962e36\"><strong>LA FORMULE<\/strong><\/p>\n\n\n\n<ul class=\"wp-block-list\">\n<li class=\"has-primary-shade-one-color has-text-color has-link-color wp-elements-607161a919af04d074cdae01f50651f9\">2 parties de <strong>BOWLING<\/strong><\/li>\n\n\n\n<li class=\"has-primary-shade-one-color has-text-color has-link-color wp-elements-74480a888b0e135912c4b3073a4559a1\">Une photo souvenir de l\u2019\u00e9v\u00e8nement<\/li>\n\n\n\n<li class=\"has-primary-shade-one-color has-text-color has-link-color wp-elements-eeb04728757cb710effb4e682280a2dc\">Le G\u00e2teau d\u2019anniversaire<\/li>\n\n\n\n<li class=\"has-primary-shade-one-color has-text-color has-link-color wp-elements-30f962003ea363ca50ede0b07871f264\">Timbales souvenirs <strong>WEST PARADISE<\/strong><\/li>\n\n\n\n<li class=\"has-primary-shade-one-color has-text-color has-link-color wp-elements-c0fb0506b44186c9a444ee88398796a5\">Eau fra\u00eeche et sirop \u00e0 volont\u00e9<\/li>\n<\/ul>\n\n\n\n<p class=\"has-text-align-center has-primary-shade-one-color has-text-color has-link-color has-medium-font-size wp-elements-1d8a17bfe166beeefd9a95901067ba85\"><strong>Minimum 6 personnes, <br>\u00e0 partir de 6 ans.<\/strong><\/p>\n\n\n\n<p class=\"has-text-align-center has-primary-shade-one-color has-text-color has-link-color has-normal-font-size wp-elements-65b5ba2832ac4194fb8ec679898dad3e\">* Frais de 5\u20ac par r\u00e9servation<\/p>\n<\/div>\n\n\n\n<figure class=\"wp-block-image aligncenter size-large is-resized\"><img decoding=\"async\" width=\"1024\" height=\"683\" src=\"http:\/\/laserwest.fr\/wptest\/wp-content\/uploads\/2025\/01\/9931521-1024x683.png\" alt=\"\" class=\"wp-image-2085\" style=\"width:201px;height:auto\" srcset=\"https:\/\/laserwest.fr\/wptest\/wp-content\/uploads\/2025\/01\/9931521-1024x683.png 1024w, https:\/\/laserwest.fr\/wptest\/wp-content\/uploads\/2025\/01\/9931521-300x200.png 300w, https:\/\/laserwest.fr\/wptest\/wp-content\/uploads\/2025\/01\/9931521-768x512.png 768w, https:\/\/laserwest.fr\/wptest\/wp-content\/uploads\/2025\/01\/9931521-1536x1025.png 1536w, https:\/\/laserwest.fr\/wptest\/wp-content\/uploads\/2025\/01\/9931521-2048x1366.png 2048w\" sizes=\"(max-width: 1024px) 100vw, 1024px\" \/><\/figure>\n<\/div>\n\n\n\n<div class=\"wp-block-column is-style-saaslauncher-boxshadow-large is-layout-flow wp-block-column-is-layout-flow\">\n<div class=\"wp-block-group is-style-saaslauncher-gradient-border is-layout-constrained wp-block-group-is-layout-constrained\">\n<h2 class=\"wp-block-heading has-text-align-center has-secondary-color has-text-color has-link-color wp-elements-fe2417cfe1515824b33a14bacdc7941a\">SAMEDIMIX<\/h2>\n\n\n\n<div class=\"wp-block-buttons is-content-justification-center is-layout-flex wp-container-core-buttons-is-layout-a89b3969 wp-block-buttons-is-layout-flex\">\n<div class=\"wp-block-button has-custom-width wp-block-button__width-50 has-custom-font-size\" style=\"font-size:clamp(14.082px, 0.88rem + ((1vw - 3.2px) * 0.422), 21px);\"><a class=\"wp-block-button__link has-primary-shade-one-color has-luminous-vivid-orange-background-color has-text-color has-background has-link-color wp-element-button\"><strong>26\u20ac* \/ ENFANT<\/strong><\/a><\/div>\n<\/div>\n\n\n\n<p class=\"has-text-align-center has-secondary-color has-text-color has-link-color has-big-font-size wp-elements-d437ec36a0695dfcf4c0b8987ff07287\"><br><strong>LA FORMULE<\/strong><\/p>\n\n\n\n<ul class=\"wp-block-list\">\n<li class=\"has-secondary-color has-text-color has-link-color wp-elements-2dd63aa20fce850b142a6ab284a299c0\">2 parties de votre choix : LASER GAME et\/ou BOWLING<\/li>\n\n\n\n<li class=\"has-secondary-color has-text-color has-link-color wp-elements-3f80a8bfa724af846299c3c3ccf996fa\">Une photo souvenir de l\u2019\u00e9v\u00e8nement<\/li>\n\n\n\n<li class=\"has-secondary-color has-text-color has-link-color wp-elements-d5ddcccf1a499c64b78a79dde7de15d3\">Le G\u00e2teau d\u2019anniversaire<\/li>\n\n\n\n<li class=\"has-secondary-color has-text-color has-link-color wp-elements-0704745c8afe94af81d16f48939d4096\">Timbales souvenirs WEST PARADISE<\/li>\n\n\n\n<li class=\"has-secondary-color has-text-color has-link-color wp-elements-2eb846f8d5866b95b26e58cd9bb49d17\">Eau fra\u00eeche et sirop \u00e0 volont\u00e9<\/li>\n\n\n\n<li class=\"has-secondary-color has-text-color has-link-color wp-elements-71db7441bea1b5230ffb42b209fd6412\">+ des Clubs Sandwichs<\/li>\n<\/ul>\n\n\n\n<p class=\"has-text-align-center has-secondary-color has-text-color has-link-color has-medium-font-size wp-elements-f24609710ac8257d85b3ac923a993c5d\"><strong>Minimum 6 personnes, <br>\u00e0 partir de 6 ans.<\/strong><\/p>\n\n\n\n<p class=\"has-text-align-center has-secondary-color has-text-color has-link-color has-large-font-size wp-elements-52553b89bf188080d21f07753d6ef1ed\"><strong>Uniquement le Samedi<\/strong><br><strong>de 10h \u00e0 13h<\/strong><\/p>\n\n\n\n<p class=\"has-text-align-center has-secondary-color has-text-color has-link-color wp-elements-edb286fdbc752852ea2a436ae670a977\"><br>* Frais de 5\u20ac par r\u00e9servation<br><\/p>\n<\/div>\n<\/div>\n<\/div>\n\n\n\n<div style=\"height:50px\" aria-hidden=\"true\" class=\"wp-block-spacer\"><\/div>\n\n\n\n<div class=\"wp-block-buttons is-content-justification-center is-layout-flex wp-container-core-buttons-is-layout-a89b3969 wp-block-buttons-is-layout-flex\">\n<div class=\"wp-block-button has-custom-width wp-block-button__width-25 has-custom-font-size has-big-font-size\"><a class=\"wp-block-button__link has-primary-shade-one-color has-primary-background-color has-text-color has-background has-link-color wp-element-button\" href=\"https:\/\/laserwest.qweekle.com\/shop\/west-paradise\/anniversaires?lang=fr\" target=\"_blank\" rel=\"noreferrer noopener\"><strong>JE R\u00c9SERVE !<\/strong><\/a><\/div>\n<\/div>\n\n\n\n<p><\/p>\n\n\n\n<div class=\"wp-block-buttons is-layout-flex wp-block-buttons-is-layout-flex\"><\/div>\n\n\n\n<ul class=\"wp-block-list\">\n<li><\/li>\n<\/ul>\n","protected":false},"excerpt":{"rendered":"<p>D\u00e9couvrez nos services Un moment inoubliable Si vous voulez un max de fun pour votre anniversaire, West Paradise est le lieu id\u00e9al ! Venez souffler vos bougies autour d\u2019une partie&#8230;<\/p>\n","protected":false},"author":1,"featured_media":0,"parent":0,"menu_order":0,"comment_status":"closed","ping_status":"closed","template":"","meta":{"_EventAllDay":false,"_EventTimezone":"","_EventStartDate":"","_EventEndDate":"","_EventStartDateUTC":"","_EventEndDateUTC":"","_EventShowMap":false,"_EventShowMapLink":false,"_EventURL":"","_EventCost":"","_EventCostDescription":"","_EventCurrencySymbol":"","_EventCurrencyCode":"","_EventCurrencyPosition":"","_EventDateTimeSeparator":"","_EventTimeRangeSeparator":"","_EventOrganizerID":[],"_EventVenueID":[],"_OrganizerEmail":"","_OrganizerPhone":"","_OrganizerWebsite":"","_VenueAddress":"","_VenueCity":"","_VenueCountry":"","_VenueProvince":"","_VenueState":"","_VenueZip":"","_VenuePhone":"","_VenueURL":"","_VenueStateProvince":"","_VenueLat":"","_VenueLng":"","_VenueShowMap":false,"_VenueShowMapLink":false,"footnotes":""},"class_list":["post-1471","page","type-page","status-publish","hentry"],"aioseo_notices":[],"_links":{"self":[{"href":"https:\/\/laserwest.fr\/wptest\/wp-json\/wp\/v2\/pages\/1471","targetHints":{"allow":["GET"]}}],"collection":[{"href":"https:\/\/laserwest.fr\/wptest\/wp-json\/wp\/v2\/pages"}],"about":[{"href":"https:\/\/laserwest.fr\/wptest\/wp-json\/wp\/v2\/types\/page"}],"author":[{"embeddable":true,"href":"https:\/\/laserwest.fr\/wptest\/wp-json\/wp\/v2\/users\/1"}],"replies":[{"embeddable":true,"href":"https:\/\/laserwest.fr\/wptest\/wp-json\/wp\/v2\/comments?post=1471"}],"version-history":[{"count":34,"href":"https:\/\/laserwest.fr\/wptest\/wp-json\/wp\/v2\/pages\/1471\/revisions"}],"predecessor-version":[{"id":2129,"href":"https:\/\/laserwest.fr\/wptest\/wp-json\/wp\/v2\/pages\/1471\/revisions\/2129"}],"wp:attachment":[{"href":"https:\/\/laserwest.fr\/wptest\/wp-json\/wp\/v2\/media?parent=1471"}],"curies":[{"name":"wp","href":"https:\/\/api.w.org\/{rel}","templated":true}]}}